{"id":18,"date":"2016-10-14T11:18:10","date_gmt":"2016-10-14T11:18:10","guid":{"rendered":"http:\/\/criis.inesctec.pt\/?page_id=18"},"modified":"2016-11-03T11:54:41","modified_gmt":"2016-11-03T11:54:41","slug":"publications","status":"publish","type":"page","link":"https:\/\/criis.inesctec.pt\/index.php\/publications\/","title":{"rendered":"Publications"},"content":{"rendered":"<p><span style=\"font-size: 14pt; color: #008eb3;\">Journals and Magazines<\/span><\/p>\n<p>S\u00e9rgio Santos Silva, Salviano Soares, Ant\u00f3nio Valente, Ant\u00f3nio Paulo Moreira, <strong>Distributed Sensing System Model for Future Internet Agricultural application<\/strong> , vol.0, Janeiro, 2015<\/p>\n<p>Pu Lima, A Ahmad, Ampg Dias, Ags Conceicao, Ant\u00f3nio Paulo Moreira, Ep Silva, L Almeida, Lmc Oliveira, Tp Nascimento, <strong>Formation control driven by cooperative object trackin<\/strong>g , RAS &#8211; Robotics and Autonomous Systems , vol.63, pp.68-79, Janeiro, 2015<\/p>\n<p>Kelen C. T. Vivaldini, Lu\u00eds Freitas Rocha, N\u00e1dia Junqueira Martarelli, Marcelo Becker, Ant\u00f3nio Paulo Moreira, <strong>Integrated tasks assignment and routing for the estimation of the optimal number of AGVS<\/strong> , IJAMT &#8211; International Journal of Advanced Manufacturing Technology, pp.1-18, 2015<\/p>\n<p><span style=\"font-size: 14pt; color: #008eb3;\">Book Chapters<\/span><\/p>\n<p><span style=\"font-size: 14pt; color: #008eb3;\">Conferences<\/span><\/p>\n<p>Filipe Neves Santos, H\u00e9ber Miguel Sobreira, Daniel Filipe Campos, Raul Morais, Ant\u00f3nio Paulo Moreira, outros et al., <strong>Towards a Reliable Monitoring Robot for Mountain Vineyards<\/strong> , IEEExplore and Scopus ICARSC 2015 &#8211; IEEE International Conference on Autonomous Robot Systems and Competitions, Vila Real, Portugal, Abril, 2015<\/p>\n<p>Eduardo Moreira, Andry Pinto, Paulo Jos\u00e9 Costa, Ant\u00f3nio Paulo Moreira, Germano Veiga, Jos\u00e9 Lima, Jos\u00e9 Sousa, Pedro Gomes Costa,<strong> Cable Robot for Non-Standard Architecture and Construction: a Dynamic Positioning System<\/strong> , ICIT 2015 &#8211; ICIT 2015 IEEE International Conference on Industrial Technology 2015, Sevilha, Espanha, 2015<\/p>\n<p>Tatiana Martins Pinho, Daniel Filipe Campos, Jos\u00e9 Boaventura, Am\u00e9rico Azevedo, Ant\u00f3nio Paulo Moreira, <strong>Reduction of Drying Process Time of Natural Cork Stoppers Process in Lean Improvement Efforts<\/strong> , ICIEOM &#8211; XXI International Conference on Industrial Engineering and Operations Management, Aveiro, Portugal, 2015<\/p>\n<p>Joana Raquel Santos, Pedro Gomes Costa, Lu\u00eds Freitas Rocha, Ant\u00f3nio Paulo Moreira, Germano Veiga, <strong>Time enhanced A*: Towards the development of a new approach for Multi-Robot coordination<\/strong> , ICIT 2015 &#8211; ICIT 2015 IEEE International Conference on Industrial Technology 2015, Sevilha, Espanha, 2015<\/p>\n","protected":false},"excerpt":{"rendered":"<p>Journals and Magazines S\u00e9rgio Santos Silva, Salviano Soares, Ant\u00f3nio Valente, Ant\u00f3nio Paulo Moreira, Distributed Sensing System Model for Future Internet<\/p>\n","protected":false},"author":3,"featured_media":0,"parent":0,"menu_order":0,"comment_status":"closed","ping_status":"closed","template":"","meta":{"_monsterinsights_skip_tracking":false,"_monsterinsights_sitenote_active":false,"_monsterinsights_sitenote_note":"","_monsterinsights_sitenote_category":0,"footnotes":""},"categories":[],"tags":[],"class_list":["post-18","page","type-page","status-publish","hentry"],"_links":{"self":[{"href":"https:\/\/criis.inesctec.pt\/index.php\/wp-json\/wp\/v2\/pages\/18","targetHints":{"allow":["GET"]}}],"collection":[{"href":"https:\/\/criis.inesctec.pt\/index.php\/wp-json\/wp\/v2\/pages"}],"about":[{"href":"https:\/\/criis.inesctec.pt\/index.php\/wp-json\/wp\/v2\/types\/page"}],"author":[{"embeddable":true,"href":"https:\/\/criis.inesctec.pt\/index.php\/wp-json\/wp\/v2\/users\/3"}],"replies":[{"embeddable":true,"href":"https:\/\/criis.inesctec.pt\/index.php\/wp-json\/wp\/v2\/comments?post=18"}],"version-history":[{"count":8,"href":"https:\/\/criis.inesctec.pt\/index.php\/wp-json\/wp\/v2\/pages\/18\/revisions"}],"predecessor-version":[{"id":144,"href":"https:\/\/criis.inesctec.pt\/index.php\/wp-json\/wp\/v2\/pages\/18\/revisions\/144"}],"wp:attachment":[{"href":"https:\/\/criis.inesctec.pt\/index.php\/wp-json\/wp\/v2\/media?parent=18"}],"wp:term":[{"taxonomy":"category","embeddable":true,"href":"https:\/\/criis.inesctec.pt\/index.php\/wp-json\/wp\/v2\/categories?post=18"},{"taxonomy":"post_tag","embeddable":true,"href":"https:\/\/criis.inesctec.pt\/index.php\/wp-json\/wp\/v2\/tags?post=18"}],"curies":[{"name":"wp","href":"https:\/\/api.w.org\/{rel}","templated":true}]}}