{"id":1281,"date":"2018-01-15T11:19:09","date_gmt":"2018-01-15T11:19:09","guid":{"rendered":"http:\/\/criis.inesctec.pt\/?page_id=1281"},"modified":"2020-01-29T11:13:53","modified_gmt":"2020-01-29T11:13:53","slug":"triho","status":"publish","type":"page","link":"https:\/\/criis.inesctec.pt\/index.php\/criis-projects\/triho\/","title":{"rendered":"TRIHo"},"content":{"rendered":"<h1>Collaborative robotic system for transporting hospital trolleys in medical domain<\/h1>\n<h2>01\/04\/2016 &#8211; 31\/12\/2019<\/h2>\n<div class=\"resume\">TRIHo aims to create a fleet of collaborative mobile manipulators capable of autonomously transporting hospital trolleys in medical environment.<\/div>\n<div class=\"row\">\n<div class=\"col1\">\n<p>Throughout time, it has been shown that the continuous carry of high loads by an operator compromises its health state, due to inadequate ergonomics. This project seeks to overcome this undesirable scenario in the hospital environment. In an attempt to address this fact, the project focuses the development of a cutting-edge logistic planner of a fleet of autonomous and mobile industrial robots. Our purpose is to design and develop a robotic platform which will incorporate an innovative robotic arm acting as a &#8220;hand&#8221; for grasping and pulling the trolleys. Robots are going to be able to navigate autonomously in the hospital area, to identify and to dock a specific trolley. Additionally, the robot will be capable of driving to a docking station in order to charge its batteries. Our concerns focus on two main aspects, namely human-robot interaction and operator&#8217;s safety where the norms of standardization are supervised during all the process. Humans are going to interact with TRIHo using a user-friendly and simple graphical interface made in accordance with the end-user requirements. Our aims will be implemented and validated in real-world operational environments after an intensive testing phase has been conducted in a simulated world.<\/p>\n<p><strong>Contact:&nbsp;&nbsp;<\/strong><a href=\"mailto:germano.veiga@inesctec.pt\">Germano Veiga<\/a> <a href=\"tel:+351220413317\"><img decoding=\"async\" src=\"http:\/\/criis.inesctec.pt\/wp-content\/uploads\/2017\/03\/phone.png\" width=\"20\"><\/a><\/p>\n<p><strong>Partners: <\/strong>Gertal, Trivalor<\/p>\n<p style=\"text-align: center;\"><strong>TRIHo on the news&nbsp;<\/strong><\/p>\n<p><a href=\"https:\/\/tvi24.iol.pt\/videos\/tecnologia\/hospital-de-braga-tem-robo-que-ajuda-a-distribuir-refeicoes\/5c6aaa110cf232f8cfbbdb7d\">Hospital de Braga tem rob\u00f4 que ajuda a distribuir refei\u00e7\u00f5es | TVI24<\/a><\/p>\n<figure class=\"wp-block-embed wp-block-embed-youtube is-type-video is-provider-youtube epyt-figure\"><div class=\"wp-block-embed__wrapper\"><div class=\"epyt-video-wrapper\"><iframe loading=\"lazy\"  id=\"_ytid_60076\"  width=\"500\" height=\"300\"  data-origwidth=\"500\" data-origheight=\"300\" src=\"https:\/\/www.youtube.com\/embed\/CQjfYeU3DYI?enablejsapi=1&autoplay=0&cc_load_policy=0&cc_lang_pref=&iv_load_policy=1&loop=0&rel=1&fs=1&playsinline=0&autohide=2&theme=dark&color=red&controls=1&disablekb=0&\" class=\"__youtube_prefs__  no-lazyload\" title=\"YouTube player\"  allow=\"fullscreen; accelerometer; autoplay; clipboard-write; encrypted-media; gyroscope; picture-in-picture; web-share\" referrerpolicy=\"strict-origin-when-cross-origin\" allowfullscreen data-no-lazy=\"1\" data-skipgform_ajax_framebjll=\"\"><\/iframe><\/div><\/div><\/figure>\n<p>&nbsp;<\/p>\n<figure class=\"wp-block-embed wp-block-embed-youtube is-type-video is-provider-youtube epyt-figure\"><div class=\"wp-block-embed__wrapper\"><div class=\"epyt-video-wrapper\"><iframe loading=\"lazy\"  id=\"_ytid_25511\"  width=\"500\" height=\"300\"  data-origwidth=\"500\" data-origheight=\"300\" src=\"https:\/\/www.youtube.com\/embed\/QwmlNBJWz9s?enablejsapi=1&autoplay=0&cc_load_policy=0&cc_lang_pref=&iv_load_policy=1&loop=0&rel=1&fs=1&playsinline=0&autohide=2&theme=dark&color=red&controls=1&disablekb=0&\" class=\"__youtube_prefs__  no-lazyload\" title=\"YouTube player\"  allow=\"fullscreen; accelerometer; autoplay; clipboard-write; encrypted-media; gyroscope; picture-in-picture; web-share\" referrerpolicy=\"strict-origin-when-cross-origin\" allowfullscreen data-no-lazy=\"1\" data-skipgform_ajax_framebjll=\"\"><\/iframe><\/div><\/div><\/figure>\n<p>&nbsp;<\/p>\n<\/div>\n<p>&nbsp;<\/p>\n<\/div>\n<div class=\"row\">\n<div class=\"col2\"><img decoding=\"async\" class=\"size-medium wp-image-116 aligncenter\" src=\"http:\/\/criis.inesctec.pt\/wp-content\/uploads\/2018\/01\/IMG_20180109_190245.jpg\">&nbsp;&nbsp;<\/p>\n<\/div>\n<\/div>\n","protected":false},"excerpt":{"rendered":"<p>Collaborative robotic system for transporting hospital trolleys in medical domain 01\/04\/2016 &#8211; 31\/12\/2019 TRIHo aims to create a fleet of<\/p>\n","protected":false},"author":7,"featured_media":0,"parent":40,"menu_order":0,"comment_status":"closed","ping_status":"closed","template":"","meta":{"_monsterinsights_skip_tracking":false,"_monsterinsights_sitenote_active":false,"_monsterinsights_sitenote_note":"","_monsterinsights_sitenote_category":0,"footnotes":""},"categories":[13],"tags":[],"class_list":["post-1281","page","type-page","status-publish","hentry","category-criisprojects"],"_links":{"self":[{"href":"https:\/\/criis.inesctec.pt\/index.php\/wp-json\/wp\/v2\/pages\/1281","targetHints":{"allow":["GET"]}}],"collection":[{"href":"https:\/\/criis.inesctec.pt\/index.php\/wp-json\/wp\/v2\/pages"}],"about":[{"href":"https:\/\/criis.inesctec.pt\/index.php\/wp-json\/wp\/v2\/types\/page"}],"author":[{"embeddable":true,"href":"https:\/\/criis.inesctec.pt\/index.php\/wp-json\/wp\/v2\/users\/7"}],"replies":[{"embeddable":true,"href":"https:\/\/criis.inesctec.pt\/index.php\/wp-json\/wp\/v2\/comments?post=1281"}],"version-history":[{"count":14,"href":"https:\/\/criis.inesctec.pt\/index.php\/wp-json\/wp\/v2\/pages\/1281\/revisions"}],"predecessor-version":[{"id":1790,"href":"https:\/\/criis.inesctec.pt\/index.php\/wp-json\/wp\/v2\/pages\/1281\/revisions\/1790"}],"up":[{"embeddable":true,"href":"https:\/\/criis.inesctec.pt\/index.php\/wp-json\/wp\/v2\/pages\/40"}],"wp:attachment":[{"href":"https:\/\/criis.inesctec.pt\/index.php\/wp-json\/wp\/v2\/media?parent=1281"}],"wp:term":[{"taxonomy":"category","embeddable":true,"href":"https:\/\/criis.inesctec.pt\/index.php\/wp-json\/wp\/v2\/categories?post=1281"},{"taxonomy":"post_tag","embeddable":true,"href":"https:\/\/criis.inesctec.pt\/index.php\/wp-json\/wp\/v2\/tags?post=1281"}],"curies":[{"name":"wp","href":"https:\/\/api.w.org\/{rel}","templated":true}]}}